{"id":11691,"date":"2017-04-13T14:38:34","date_gmt":"2017-04-13T12:38:34","guid":{"rendered":"http:\/\/nemetz.webseiten.cc\/stafil\/?page_id=11691"},"modified":"2018-05-25T12:01:28","modified_gmt":"2018-05-25T10:01:28","slug":"privacy-cookie","status":"publish","type":"page","link":"https:\/\/www.stafil.com\/de\/privacy-cookie\/","title":{"rendered":"Privacy und Cookie Policy"},"content":{"rendered":"<p>[vc_row][vc_column][vc_column_text]<strong>Datenschutzmitteilung<\/strong><\/p>\n<p>Diese Website wird von der Stafil S.p.A., \u201aStradivaristr.6, 39100 Bozen (Italien) (in weiterer Folge kurz: \u201ewir\u201c bzw. \u201euns\u201c) betrieben. Diese Mitteilung beschreibt, wie wir, als datenschutzrechtliche Verantwortlicher, Ihre personenbezogenen Daten um Zusammenhang mit dieser Website verarbeiten.<\/p>\n<p><strong>1.) Welche Daten wir \u00fcber Sie verarbeiten<\/strong><\/p>\n<p>Im Zuge Ihres Besuches dieser Website werden wir folgende Informationen erheben: Das Datum und die Uhrzeit des Aufrufs einer Seite auf unserer Website, Ihre IP-Adresse, Name und Version Ihres Web-Browsers, die Webseite (URL), die Sie vor dem Aufruf dieser Website besucht haben, bestimmte Cookies (siehe Punk 2 unten) und jene Informationen, die Sie selbst durch das Ausf\u00fcllen des Kontaktformulars und der Registrierung auf unserer Website zur Verf\u00fcgung stellen.<\/p>\n<p>Es besteht keine Verpflichtung, jene Daten, um deren Angabe wir Sie auf unserer Website bitten, tats\u00e4chlich anzugeben. Wenn Sie dies jedoch nicht tun, wird es Ihnen nicht m\u00f6glich sein, alle Funktionen der Website zu nutzen.<\/p>\n<p><strong>2.) Cookies<\/strong><\/p>\n<p>Auf unserer Website werden sogenannte Cookies verwendet. Ein Cookie ist eine kleine Datei, die auf Ihrem Computer gespeichert werden kann, wenn Sie eine Website besuchen. Grunds\u00e4tzlich werden Cookies verwendet, um Nutzern zus\u00e4tzliche Funktionen auf einer Website zu bieten. Sie k\u00f6nnen zum Beispiel verwendet werden, um Ihnen die Navigation auf einer Website zu erleichtern, es Ihnen zu erm\u00f6glichen, eine Website dort weiter zu verwenden, wo Sie sie verlassen haben und\/oder Ihre Pr\u00e4ferenzen und Einstellungen zu speichern, wenn Sie die Website wieder besuchen. Cookies k\u00f6nnen auf keine anderen Daten auf Ihrem Computer zugreifen, diese lesen oder ver\u00e4ndern. Die meisten der Cookies auf dieser Website sind sogenannten Session- Cookies. Sie werden automatisch gel\u00f6scht, wenn Sie unsere Website wieder verlassen. Dauerhafte Cookies hingegen bleiben auf Ihrem Computer, bis Sie sie manuell in Ihrem Browser l\u00f6schen. Wir verwenden solche Dauerhaften Cookies, um Sie wieder zu erkennen, wenn Sie unsere Website das n\u00e4chste Mal besuchen. Wenn Sie Cookies auf Ihrem Computer kontrollieren wollen, k\u00f6nnen Sie ihre Browser-Einstellungen so w\u00e4hlen, dass Sie eine Benachrichtigung bekommen, wenn eine Website Cookies speichern will. Sie k\u00f6nnen Cookies auch blockieren oder l\u00f6schen, wenn sie bereits auf Ihrem Computer gespeichert wurden. Wenn Sie mehr dar\u00fcber wissen m\u00f6chten, wie Sie diese Schritte setzen k\u00f6nnen, ben\u00fctzen Sie bitte die \u201eHilfe\u201c-Funktion in Ihrem Browser. Beachten Sie bitte, dass das Blockieren oder L\u00f6schen von Cookies Ihre Online- Erfahrung beeintr\u00e4chtigen und Sie daran hindern k\u00f6nnte, diese Website vollst\u00e4ndig zu nutzen.<\/p>\n<p><strong>3.) Zwecke der Datenverarbeitung<\/strong><\/p>\n<p>Wir werden Ihre personenbezogenen Daten zu folgenden Zwecken verarbeiten:<\/p>\n<ul>\n<li>um Ihnen diese Website zur Verf\u00fcgung zu stellen und um diese Website<\/li>\n<\/ul>\n<p>weiter zu verbessern und zu entwickeln;<\/p>\n<ul>\n<li>um Nutzungsstatistiken erstellen zu k\u00f6nnen;<\/li>\n<li>um Angriffe auf unsere Website erkennen, verhindern und untersuchen<\/li>\n<\/ul>\n<p>zu k\u00f6nnen;<\/p>\n<ul>\n<li>um auf Ihre Anfragen zu antworten;<\/li>\n<\/ul>\n<p><strong>4.) Rechtsgrundlagen der Verarbeitung<\/strong><\/p>\n<p>Die rechtliche Grundlage f\u00fcr die Verarbeitung Ihrer personenbezogenen Daten ist unser \u00fcberwiegendes berechtigtes Interesse (gem\u00e4\u00df Art 6 Abs 1 lit f EU Datenschutz-Grundverordnung), welches darin besteht, die oben unter Punkt 3 genannten Zwecke zu erreichen.<\/p>\n<p><strong>5.) \u00dcbermittlung Ihrer personenbezogenen Daten<\/strong><\/p>\n<p>Zu den oben genannten Zwecken werden wir Ihre personenbezogenen Daten an folgende Empf\u00e4nger \u00fcbermitteln:<\/p>\n<ul>\n<li>von uns eingesetzte IT-Dienstleister;<\/li>\n<\/ul>\n<p>Manche der oben genannten Empf\u00e4nger befinden sich au\u00dferhalb Ihres Landes oder verarbeiten dort Ihre personenbezogenen Daten. Das Datenschutzniveau in anderen L\u00e4ndern entspricht unter Umst\u00e4nden nicht dem Ihres Landes. Wir \u00fcbermitteln Ihre personenbezogenen Daten jedoch nur in L\u00e4nder, f\u00fcr welche die EU-Kommission entschieden hat, dass sie \u00fcber ein angemessenes Datenschutzniveau verf\u00fcgen oder wir setzen Ma\u00dfnahmen, um zu gew\u00e4hrleisten, dass alle Empf\u00e4nger ein angemessenes Datenschutzniveau haben. Dazu schlie\u00dfen wir beispielsweise Standardvertragsklauseln (2010\/87\/EC und\/oder 2004\/915\/EC) ab. Diese sind auf Anfrage unter info@stafil.it verf\u00fcgbar.<\/p>\n<p><strong>6.) Dauer der Speicherung<\/strong><\/p>\n<p>Wir werden Ihre Daten grunds\u00e4tzlich f\u00fcr eine Dauer von 50 Monaten speichern. Eine l\u00e4ngere Speicherung erfolgt nur, soweit dies erforderlich ist, um festgestellte Angriffe auf unsere Website zu untersuchen. Wenn Sie sich auf unserer Website registrieren, werden wir Ihre Daten jedenfalls so lange speichern, so lange Ihr Account besteht und danach f\u00fcr nur so lagen, wir rechtliche Verpflichtungen dies vorsehen.<\/p>\n<p><strong>7.) Ihre Rechte im Zusammenhang mit personenbezogenen Daten<\/strong><\/p>\n<p>Sie sind unter anderem berechtigt (unter den Voraussetzungen anwendbaren Rechts), (i) zu \u00fcberpr\u00fcfen, ob und welche personenbezogenen Daten wir \u00fcber Sie gespeichert haben und Kopien dieser Daten zu erhalten, (ii) die Berichtigung, Erg\u00e4nzung oder das L\u00f6schen Ihrer personenbezogenen Daten, die falsch sind oder nicht rechtskonform verarbeitet werden, zu verlangen, (iii) von uns zu verlangen, die Verarbeitung Ihrer personenbezogenen Daten einzuschr\u00e4nken, und (iv) unter bestimmten Umst\u00e4nden der Verarbeitung Ihrer personenbezogenen Daten zu widersprechen oder die f\u00fcr das Verarbeiten zuvor gegebene Einwilligung zu wiederrufen, (v) Daten\u00fcbertragbarkeit zu verlangen, (vi) die Identit\u00e4t von Dritten, an welche Ihre personenbezogenen Daten \u00fcbermittelt werden, zu kennen und (vii) bei der zust\u00e4ndigen Beh\u00f6rde Beschwerde zu erheben.<\/p>\n<p><strong>8.) Unsere Kontaktdaten<\/strong><\/p>\n<p>Sollten Sie zu der Verarbeitung Ihrer personenbezogenen Daten Fragen oder Anliegen haben, wenden Sie sich bitte an uns:<\/p>\n<p>Stafil S.p.A.<\/p>\n<p>Stradivaristr.6<\/p>\n<p>39100 Bozen (Italien)<\/p>\n<p>info@stafil.it<\/p>\n<p>Zuletzt aktualisiert am 24.05.2018[\/vc_column_text][\/vc_column][\/vc_row]<\/p>","protected":false},"excerpt":{"rendered":"<p>[vc_row][vc_column][vc_column_text]Datenschutzmitteilung Diese Website wird von der Stafil S.p.A., \u201aStradivaristr.6, 39100 Bozen (Italien) (in weiterer Folge kurz: \u201ewir\u201c bzw. \u201euns\u201c) betrieben. Diese Mitteilung beschreibt, wie wir,&#8230;<\/p>\n","protected":false},"author":2,"featured_media":0,"parent":0,"menu_order":0,"comment_status":"closed","ping_status":"closed","template":"","meta":{"footnotes":"","_links_to":"","_links_to_target":""},"class_list":["post-11691","page","type-page","status-publish","hentry"],"_links":{"self":[{"href":"https:\/\/www.stafil.com\/de\/wp-json\/wp\/v2\/pages\/11691","targetHints":{"allow":["GET"]}}],"collection":[{"href":"https:\/\/www.stafil.com\/de\/wp-json\/wp\/v2\/pages"}],"about":[{"href":"https:\/\/www.stafil.com\/de\/wp-json\/wp\/v2\/types\/page"}],"author":[{"embeddable":true,"href":"https:\/\/www.stafil.com\/de\/wp-json\/wp\/v2\/users\/2"}],"replies":[{"embeddable":true,"href":"https:\/\/www.stafil.com\/de\/wp-json\/wp\/v2\/comments?post=11691"}],"version-history":[{"count":18,"href":"https:\/\/www.stafil.com\/de\/wp-json\/wp\/v2\/pages\/11691\/revisions"}],"predecessor-version":[{"id":15869,"href":"https:\/\/www.stafil.com\/de\/wp-json\/wp\/v2\/pages\/11691\/revisions\/15869"}],"wp:attachment":[{"href":"https:\/\/www.stafil.com\/de\/wp-json\/wp\/v2\/media?parent=11691"}],"curies":[{"name":"wp","href":"https:\/\/api.w.org\/{rel}","templated":true}]}}