{"id":11136,"date":"2017-03-07T16:59:23","date_gmt":"2017-03-07T15:59:23","guid":{"rendered":"http:\/\/nemetz.webseiten.cc\/stafil\/?page_id=11136"},"modified":"2023-01-09T12:40:43","modified_gmt":"2023-01-09T11:40:43","slug":"stafil-ordini","status":"publish","type":"page","link":"https:\/\/www.stafil.com\/de\/stafil-ordini\/","title":{"rendered":"Online Bestellungen"},"content":{"rendered":"<p>[vc_row][vc_column][vc_single_image image=&#8220;27496&#8243; img_size=&#8220;full&#8220; onclick=&#8220;custom_link&#8220; link=&#8220;http:\/\/shop.stafil.com\/de-de\/&#8220;][\/vc_column][\/vc_row][vc_row][vc_column][vc_column_text]<\/p>\n<p style=\"text-align: justify;\">Stafil H\u00e4ndler k\u00f6nnen ihre Bestellungen auf unseren <a href=\"https:\/\/shop.stafil.com\/de-de\/\"><strong>B2B ONLINE SHOP<\/strong><\/a> abwickeln.<\/p>\n<p>Wenn Sie noch keine Zugangsdaten haben, k\u00f6nnen Sie uns an die folgende Mail-Adresse schreiben: info@stafil.it.[\/vc_column_text][\/vc_column][\/vc_row][vc_row][vc_column][\/vc_column][\/vc_row][vc_row][vc_column][vc_column_text]<strong>REKLAMATIONEN<\/strong><\/p>\n<p>Wenn Sie eine Kundenbeschwerde einreichen m\u00f6chten, f\u00fcllen Sie bitte dieses <a href=\"https:\/\/www.stafil.com\/de\/formular-reklamationen\/\"><strong>FORMULAR<\/strong><\/a> aus.[\/vc_column_text][\/vc_column][\/vc_row][vc_row][vc_column][vc_column_text][\/vc_column_text][\/vc_column][\/vc_row]<\/p>","protected":false},"excerpt":{"rendered":"<p>[vc_row][vc_column][vc_single_image image=&#8220;27496&#8243; img_size=&#8220;full&#8220; onclick=&#8220;custom_link&#8220; link=&#8220;http:\/\/shop.stafil.com\/de-de\/&#8220;][\/vc_column][\/vc_row][vc_row][vc_column][vc_column_text] Stafil H\u00e4ndler k\u00f6nnen ihre Bestellungen auf unseren B2B ONLINE SHOP abwickeln. Wenn Sie noch keine Zugangsdaten haben, k\u00f6nnen Sie uns&#8230;<\/p>\n","protected":false},"author":2,"featured_media":0,"parent":0,"menu_order":0,"comment_status":"closed","ping_status":"closed","template":"","meta":{"footnotes":"","_links_to":"","_links_to_target":""},"class_list":["post-11136","page","type-page","status-publish","hentry"],"_links":{"self":[{"href":"https:\/\/www.stafil.com\/de\/wp-json\/wp\/v2\/pages\/11136","targetHints":{"allow":["GET"]}}],"collection":[{"href":"https:\/\/www.stafil.com\/de\/wp-json\/wp\/v2\/pages"}],"about":[{"href":"https:\/\/www.stafil.com\/de\/wp-json\/wp\/v2\/types\/page"}],"author":[{"embeddable":true,"href":"https:\/\/www.stafil.com\/de\/wp-json\/wp\/v2\/users\/2"}],"replies":[{"embeddable":true,"href":"https:\/\/www.stafil.com\/de\/wp-json\/wp\/v2\/comments?post=11136"}],"version-history":[{"count":69,"href":"https:\/\/www.stafil.com\/de\/wp-json\/wp\/v2\/pages\/11136\/revisions"}],"predecessor-version":[{"id":27498,"href":"https:\/\/www.stafil.com\/de\/wp-json\/wp\/v2\/pages\/11136\/revisions\/27498"}],"wp:attachment":[{"href":"https:\/\/www.stafil.com\/de\/wp-json\/wp\/v2\/media?parent=11136"}],"curies":[{"name":"wp","href":"https:\/\/api.w.org\/{rel}","templated":true}]}}