{"id":11128,"date":"2017-03-07T16:58:17","date_gmt":"2017-03-07T15:58:17","guid":{"rendered":"http:\/\/nemetz.webseiten.cc\/stafil\/?page_id=11128"},"modified":"2025-11-12T12:05:39","modified_gmt":"2025-11-12T11:05:39","slug":"offerte","status":"publish","type":"page","link":"https:\/\/www.stafil.com\/de\/prodotti\/offerte\/","title":{"rendered":"Angebote"},"content":{"rendered":"<p>[vc_row][vc_column][vc_column_text]<\/p>\n<p style=\"text-align: justify;\">In den Angebot Katalogen finden Sie viele Ausverkaufsartikel und Restposten zu stark reduzierten Preisen und der gewohnten Stafil Qualit\u00e4t. Wenn Sie ein Stafil Kunde sind und sich f\u00fcr unsere Angebote interessieren k\u00f6nnen wir Ihnen gerne die Preise zu diesen Katalogen schicken.<\/p>\n<p>[\/vc_column_text][\/vc_column][\/vc_row]<\/p>","protected":false},"excerpt":{"rendered":"<p>[vc_row][vc_column][vc_column_text] In den Angebot Katalogen finden Sie viele Ausverkaufsartikel und Restposten zu stark reduzierten Preisen und der gewohnten Stafil Qualit\u00e4t. Wenn Sie ein Stafil Kunde&#8230;<\/p>\n","protected":false},"author":2,"featured_media":0,"parent":11636,"menu_order":100,"comment_status":"closed","ping_status":"closed","template":"","meta":{"footnotes":"","_links_to":"","_links_to_target":""},"class_list":["post-11128","page","type-page","status-publish","hentry"],"_links":{"self":[{"href":"https:\/\/www.stafil.com\/de\/wp-json\/wp\/v2\/pages\/11128","targetHints":{"allow":["GET"]}}],"collection":[{"href":"https:\/\/www.stafil.com\/de\/wp-json\/wp\/v2\/pages"}],"about":[{"href":"https:\/\/www.stafil.com\/de\/wp-json\/wp\/v2\/types\/page"}],"author":[{"embeddable":true,"href":"https:\/\/www.stafil.com\/de\/wp-json\/wp\/v2\/users\/2"}],"replies":[{"embeddable":true,"href":"https:\/\/www.stafil.com\/de\/wp-json\/wp\/v2\/comments?post=11128"}],"version-history":[{"count":7,"href":"https:\/\/www.stafil.com\/de\/wp-json\/wp\/v2\/pages\/11128\/revisions"}],"predecessor-version":[{"id":16613,"href":"https:\/\/www.stafil.com\/de\/wp-json\/wp\/v2\/pages\/11128\/revisions\/16613"}],"up":[{"embeddable":true,"href":"https:\/\/www.stafil.com\/de\/wp-json\/wp\/v2\/pages\/11636"}],"wp:attachment":[{"href":"https:\/\/www.stafil.com\/de\/wp-json\/wp\/v2\/media?parent=11128"}],"curies":[{"name":"wp","href":"https:\/\/api.w.org\/{rel}","templated":true}]}}